{"id":906,"date":"2021-07-27T16:29:05","date_gmt":"2021-07-27T21:29:05","guid":{"rendered":"https:\/\/suguartistico.com\/?page_id=906"},"modified":"2023-01-16T17:39:38","modified_gmt":"2023-01-16T22:39:38","slug":"galeria","status":"publish","type":"page","link":"https:\/\/suguartistico.com\/en\/galeria\/","title":{"rendered":"Gallery"},"content":{"rendered":"<p>[et_pb_section fb_built=&#8221;1&#8243; _builder_version=&#8221;4.16&#8243; _module_preset=&#8221;default&#8221; background_image=&#8221;https:\/\/suguartistico.com\/wp-content\/uploads\/2021\/03\/fnd-blue.png&#8221; parallax=&#8221;on&#8221; parallax_method=&#8221;off&#8221; custom_margin=&#8221;||-3px|||&#8221; custom_padding=&#8221;46px||0px|||&#8221; global_colors_info=&#8221;{}&#8221;][et_pb_row _builder_version=&#8221;4.16&#8243; _module_preset=&#8221;default&#8221; global_colors_info=&#8221;{}&#8221; custom_padding=&#8221;88px|||||&#8221;][et_pb_column type=&#8221;4_4&#8243; _builder_version=&#8221;4.16&#8243; _module_preset=&#8221;default&#8221; global_colors_info=&#8221;{}&#8221;][et_pb_text _builder_version=&#8221;4.16&#8243; _module_preset=&#8221;default&#8221; text_font=&#8221;||||||||&#8221; text_text_color=&#8221;#FFFFFF&#8221; text_font_size=&#8221;29px&#8221; header_font_size=&#8221;24px&#8221; custom_padding=&#8221;0px||29px|||&#8221; global_colors_info=&#8221;{}&#8221;]<\/p>\n<p style=\"text-align: center;\"><strong>Mira nuestra galer\u00eda y conoce m\u00e1s de nuestro proceso art\u00edstico en Sugu<br \/><\/strong><\/p>\n<p>[\/et_pb_text][\/et_pb_column][\/et_pb_row][\/et_pb_section][et_pb_section fb_built=&#8221;1&#8243; _builder_version=&#8221;4.16&#8243; _module_preset=&#8221;default&#8221; custom_padding=&#8221;0px||0px|||&#8221; global_colors_info=&#8221;{}&#8221;][et_pb_row _builder_version=&#8221;4.16&#8243; _module_preset=&#8221;default&#8221; global_colors_info=&#8221;{}&#8221;][et_pb_column type=&#8221;4_4&#8243; _builder_version=&#8221;4.16&#8243; _module_preset=&#8221;default&#8221; global_colors_info=&#8221;{}&#8221;][et_pb_text _builder_version=&#8221;4.16&#8243; _module_preset=&#8221;default&#8221; text_font=&#8221;ABeeZee||||||||&#8221; header_font=&#8221;|700|||||||&#8221; header_text_color=&#8221;#1D70B7&#8243; min_height=&#8221;63.6px&#8221; global_colors_info=&#8221;{}&#8221;]<\/p>\n<h1 style=\"text-align: center;\">Creaci\u00f3n y expresi\u00f3n pl\u00e1stica &#8211; M\u00fasica &#8211; Expresi\u00f3n teatral y t\u00edteres &#8211; Iniciaci\u00f3n a la danza moderna, cl\u00e1sica y contempor\u00e1nea &#8211; Experiencia sonora<\/h1>\n<h3 style=\"text-align: center;\"><span style=\"font-size: x-large;\">Fotograf\u00edas y v\u00eddeos del proceso de aprendizaje de los ni\u00f1os de Sugu pintando, bailando, creando, escuchando y experimentando.<\/span><\/h3>\n<p>[\/et_pb_text][\/et_pb_column][\/et_pb_row][\/et_pb_section][et_pb_section fb_built=&#8221;1&#8243; _builder_version=&#8221;4.16&#8243; _module_preset=&#8221;default&#8221; custom_padding=&#8221;0px||2px|||&#8221; global_colors_info=&#8221;{}&#8221;][et_pb_row column_structure=&#8221;1_2,1_2&#8243; _builder_version=&#8221;4.16&#8243; _module_preset=&#8221;default&#8221; global_colors_info=&#8221;{}&#8221;][et_pb_column type=&#8221;1_2&#8243; _builder_version=&#8221;4.16&#8243; _module_preset=&#8221;default&#8221; global_colors_info=&#8221;{}&#8221;][et_pb_image src=&#8221;https:\/\/suguartistico.com\/wp-content\/uploads\/2021\/07\/Pollok-Sug-20217-scaled.jpg&#8221; title_text=&#8221;Pollok Sug 20217&#8243; url=&#8221;https:\/\/suguartistico.com\/creacion-plastica\/&#8221; _builder_version=&#8221;4.16&#8243; _module_preset=&#8221;default&#8221; width=&#8221;100%&#8221; max_width=&#8221;100%&#8221; border_width_all=&#8221;3px&#8221; border_color_all=&#8221;#1d70b7&#8243; border_style_all=&#8221;dashed&#8221; box_shadow_style=&#8221;preset2&#8243; global_colors_info=&#8221;{}&#8221;][\/et_pb_image][et_pb_button button_url=&#8221;https:\/\/suguartistico.com\/creacion-plastica\/&#8221; button_text=&#8221;Creci\u00f3n y expresi\u00f3n pl\u00e1stica&#8221; button_alignment=&#8221;center&#8221; _builder_version=&#8221;4.16&#8243; _module_preset=&#8221;default&#8221; custom_button=&#8221;on&#8221; button_text_color=&#8221;#FFFFFF&#8221; button_bg_color=&#8221;#1D70B7&#8243; button_font=&#8221;|700|||||||&#8221; global_colors_info=&#8221;{}&#8221;][\/et_pb_button][\/et_pb_column][et_pb_column type=&#8221;1_2&#8243; _builder_version=&#8221;4.16&#8243; _module_preset=&#8221;default&#8221; global_colors_info=&#8221;{}&#8221;][et_pb_image src=&#8221;https:\/\/suguartistico.com\/wp-content\/uploads\/2022\/03\/Coverflow-Sugu-main-website0-scaled.jpeg&#8221; alt=&#8221;Iniciaci\u00f3n musical &#8211; Sugu Universo Art\u00edstico&#8221; title_text=&#8221;Iniciaci\u00f3n musical &#8211; Sugu Universo Art\u00edstico&#8221; _builder_version=&#8221;4.16&#8243; _module_preset=&#8221;default&#8221; border_width_all=&#8221;3px&#8221; border_color_all=&#8221;#c30039&#8243; border_style_all=&#8221;dashed&#8221; box_shadow_style=&#8221;preset2&#8243; global_colors_info=&#8221;{}&#8221;][\/et_pb_image][et_pb_button button_url=&#8221;https:\/\/suguartistico.com\/musica\/&#8221; button_text=&#8221;M\u00fasica&#8221; button_alignment=&#8221;center&#8221; _builder_version=&#8221;4.16&#8243; _module_preset=&#8221;default&#8221; custom_button=&#8221;on&#8221; button_text_color=&#8221;#FFFFFF&#8221; button_bg_color=&#8221;#C30039&#8243; global_colors_info=&#8221;{}&#8221;][\/et_pb_button][\/et_pb_column][\/et_pb_row][et_pb_row column_structure=&#8221;1_2,1_2&#8243; _builder_version=&#8221;4.16&#8243; _module_preset=&#8221;default&#8221; global_colors_info=&#8221;{}&#8221;][et_pb_column type=&#8221;1_2&#8243; _builder_version=&#8221;4.16&#8243; _module_preset=&#8221;default&#8221; global_colors_info=&#8221;{}&#8221;][et_pb_image src=&#8221;https:\/\/suguartistico.com\/wp-content\/uploads\/2021\/05\/Sugu-puppets-scaled.jpg&#8221; title_text=&#8221;Sugu-puppets&#8221; _builder_version=&#8221;4.16&#8243; _module_preset=&#8221;default&#8221; border_width_all=&#8221;3px&#8221; border_color_all=&#8221;#ea4e3c&#8221; border_style_all=&#8221;dashed&#8221; box_shadow_style=&#8221;preset2&#8243; global_colors_info=&#8221;{}&#8221;][\/et_pb_image][et_pb_button button_url=&#8221;https:\/\/suguartistico.com\/titeres-y-teatro\/&#8221; button_text=&#8221;Expresi\u00f3n teatral y t\u00edteres&#8221; button_alignment=&#8221;center&#8221; _builder_version=&#8221;4.16&#8243; _module_preset=&#8221;default&#8221; custom_button=&#8221;on&#8221; button_text_color=&#8221;#FFFFFF&#8221; button_bg_color=&#8221;#EA4E3C&#8221; button_font=&#8221;|700|||||||&#8221; locked=&#8221;off&#8221; global_colors_info=&#8221;{}&#8221;][\/et_pb_button][\/et_pb_column][et_pb_column type=&#8221;1_2&#8243; _builder_version=&#8221;4.16&#8243; _module_preset=&#8221;default&#8221; global_colors_info=&#8221;{}&#8221;][et_pb_image src=&#8221;https:\/\/suguartistico.com\/wp-content\/uploads\/2021\/03\/sugu-4.jpg&#8221; title_text=&#8221;sugu-4&#8243; _builder_version=&#8221;4.16&#8243; _module_preset=&#8221;default&#8221; width=&#8221;100%&#8221; border_width_all=&#8221;3px&#8221; border_color_all=&#8221;#fce700&#8243; border_style_all=&#8221;dashed&#8221; box_shadow_style=&#8221;preset2&#8243; global_colors_info=&#8221;{}&#8221;][\/et_pb_image][et_pb_button button_url=&#8221;https:\/\/suguartistico.com\/iniciacion-danza\/&#8221; button_text=&#8221;Iniciaci\u00f3n Danza&#8221; button_alignment=&#8221;center&#8221; _builder_version=&#8221;4.16&#8243; _module_preset=&#8221;default&#8221; custom_button=&#8221;on&#8221; button_text_color=&#8221;#009EE2&#8243; button_bg_color=&#8221;#fce700&#8243; button_border_color=&#8221;RGBA(0,0,0,0)&#8221; button_font=&#8221;|700|||||||&#8221; locked=&#8221;off&#8221; global_colors_info=&#8221;{}&#8221;][\/et_pb_button][\/et_pb_column][\/et_pb_row][et_pb_row column_structure=&#8221;1_2,1_2&#8243; _builder_version=&#8221;4.16&#8243; _module_preset=&#8221;default&#8221; global_colors_info=&#8221;{}&#8221;][et_pb_column type=&#8221;1_2&#8243; _builder_version=&#8221;4.16&#8243; _module_preset=&#8221;default&#8221; custom_padding=&#8221;||||false|false&#8221; global_colors_info=&#8221;{}&#8221;][et_pb_image src=&#8221;https:\/\/suguartistico.com\/wp-content\/uploads\/2021\/07\/Sugu-Sound-experience-2021-scaled.jpg&#8221; title_text=&#8221;Sugu Sound experience 2021&#8243; _builder_version=&#8221;4.16&#8243; _module_preset=&#8221;default&#8221; border_width_all=&#8221;3px&#8221; border_color_all=&#8221;#37d67f&#8221; border_style_all=&#8221;dashed&#8221; box_shadow_style=&#8221;preset2&#8243; global_colors_info=&#8221;{}&#8221;][\/et_pb_image][et_pb_button button_url=&#8221;https:\/\/suguartistico.com\/experiencia-sonora\/&#8221; button_text=&#8221;Experiencia Sonora&#8221; button_alignment=&#8221;center&#8221; _builder_version=&#8221;4.16&#8243; _module_preset=&#8221;default&#8221; custom_button=&#8221;on&#8221; button_text_color=&#8221;#1D70B7&#8243; button_bg_color=&#8221;#37d67f&#8221; button_border_color=&#8221;RGBA(0,0,0,0)&#8221; button_font=&#8221;|700|||||||&#8221; custom_margin=&#8221;||1px|||&#8221; global_colors_info=&#8221;{}&#8221;][\/et_pb_button][\/et_pb_column][et_pb_column type=&#8221;1_2&#8243; _builder_version=&#8221;4.16&#8243; _module_preset=&#8221;default&#8221; custom_padding=&#8221;||||false|false&#8221; global_colors_info=&#8221;{}&#8221;][et_pb_cta title=&#8221;Testimonio&#8221; _builder_version=&#8221;4.16&#8243; _module_preset=&#8221;default&#8221; header_level=&#8221;h3&#8243; header_font_size=&#8221;41px&#8221; body_font=&#8221;||on||||||&#8221; background_color=&#8221;#1D70B7&#8243; custom_margin=&#8221;||3px|||&#8221; custom_padding=&#8221;||0px|||&#8221; global_colors_info=&#8221;{}&#8221;]<\/p>\n<p>A mi nieto le encanta ir a Sugu, dice &#8220;Abuela, \u00bfcu\u00e1ndo empiezan las clases?, Abuela, \u00bfvoy a ir a Sugu hoy?, Abuela, estoy muy contento de ir a Sugu&#8221;, jajaaja es maravilloso.<\/p>\n<p>Estoy muy sorprendida de c\u00f3mo le gustan las experiencias en Sugu y c\u00f3mo aprende cosas nuevas cada semana.<\/p>\n<p>Estoy agradecida con el equipo de Sugu por ense\u00f1arle el arte con amor.<\/p>\n<p>ABUELA<\/p>\n<p>[\/et_pb_cta][\/et_pb_column][\/et_pb_row][et_pb_row _builder_version=&#8221;4.16&#8243; _module_preset=&#8221;default&#8221; global_colors_info=&#8221;{}&#8221;][et_pb_column type=&#8221;4_4&#8243; _builder_version=&#8221;4.16&#8243; _module_preset=&#8221;default&#8221; global_colors_info=&#8221;{}&#8221;][et_pb_button button_url=&#8221;https:\/\/suguartistico.com\/el-proposito\/&#8221; button_text=&#8221;El prop\u00f3sito&#8221; button_alignment=&#8221;center&#8221; button_text_tablet=&#8221;&#8221; button_text_phone=&#8221;El prop\u00f3sito&#8221; button_text_last_edited=&#8221;on|phone&#8221; _builder_version=&#8221;4.16&#8243; _module_preset=&#8221;default&#8221; custom_button=&#8221;on&#8221; button_text_size=&#8221;26px&#8221; button_text_color=&#8221;#FFFFFF&#8221; button_bg_color=&#8221;#2B53A0&#8243; button_border_width=&#8221;0px&#8221; button_border_radius=&#8221;100px&#8221; button_letter_spacing=&#8221;2px&#8221; button_font=&#8221;Bebas Neue||||||||&#8221; locked=&#8221;off&#8221; global_colors_info=&#8221;{}&#8221;][\/et_pb_button][\/et_pb_column][\/et_pb_row][\/et_pb_section]<\/p>\n","protected":false},"excerpt":{"rendered":"<p>Mira nuestra galer\u00eda y conoce m\u00e1s de nuestro proceso art\u00edstico en SuguCreaci\u00f3n y expresi\u00f3n pl\u00e1stica &#8211; M\u00fasica &#8211; Expresi\u00f3n teatral y t\u00edteres &#8211; Iniciaci\u00f3n a la danza moderna, cl\u00e1sica y contempor\u00e1nea &#8211; Experiencia sonora Fotograf\u00edas y v\u00eddeos del proceso de aprendizaje de los ni\u00f1os de Sugu pintando, bailando, creando, escuchando y experimentando.A mi nieto le [&hellip;]<\/p>\n","protected":false},"author":1,"featured_media":0,"parent":0,"menu_order":0,"comment_status":"closed","ping_status":"closed","template":"","meta":{"_et_pb_use_builder":"on","_et_pb_old_content":"","_et_gb_content_width":"","footnotes":""},"class_list":["post-906","page","type-page","status-publish","hentry"],"_links":{"self":[{"href":"https:\/\/suguartistico.com\/en\/wp-json\/wp\/v2\/pages\/906","targetHints":{"allow":["GET"]}}],"collection":[{"href":"https:\/\/suguartistico.com\/en\/wp-json\/wp\/v2\/pages"}],"about":[{"href":"https:\/\/suguartistico.com\/en\/wp-json\/wp\/v2\/types\/page"}],"author":[{"embeddable":true,"href":"https:\/\/suguartistico.com\/en\/wp-json\/wp\/v2\/users\/1"}],"replies":[{"embeddable":true,"href":"https:\/\/suguartistico.com\/en\/wp-json\/wp\/v2\/comments?post=906"}],"version-history":[{"count":61,"href":"https:\/\/suguartistico.com\/en\/wp-json\/wp\/v2\/pages\/906\/revisions"}],"predecessor-version":[{"id":1736,"href":"https:\/\/suguartistico.com\/en\/wp-json\/wp\/v2\/pages\/906\/revisions\/1736"}],"wp:attachment":[{"href":"https:\/\/suguartistico.com\/en\/wp-json\/wp\/v2\/media?parent=906"}],"curies":[{"name":"wp","href":"https:\/\/api.w.org\/{rel}","templated":true}]}}