{"id":16,"date":"2021-03-16T20:22:21","date_gmt":"2021-03-17T01:22:21","guid":{"rendered":"https:\/\/suguartistico.com\/?page_id=16"},"modified":"2023-01-16T17:45:15","modified_gmt":"2023-01-16T22:45:15","slug":"apoyo-a-sugu","status":"publish","type":"page","link":"https:\/\/suguartistico.com\/en\/apoyo-a-sugu\/","title":{"rendered":"Support us!"},"content":{"rendered":"<p>[et_pb_section fb_built=&#8221;1&#8243; _builder_version=&#8221;4.16&#8243; _module_preset=&#8221;default&#8221; background_image=&#8221;https:\/\/suguartistico.com\/wp-content\/uploads\/2021\/03\/fnd-blue.png&#8221; parallax=&#8221;on&#8221; parallax_method=&#8221;off&#8221; custom_padding=&#8221;50px||0px|||&#8221; global_colors_info=&#8221;{}&#8221;][et_pb_row column_structure=&#8221;2_5,3_5&#8243; _builder_version=&#8221;4.16&#8243; _module_preset=&#8221;default&#8221; custom_margin=&#8221;|auto|-36px|auto||&#8221; custom_padding=&#8221;2px||0px|||&#8221; global_colors_info=&#8221;{}&#8221;][et_pb_column type=&#8221;2_5&#8243; _builder_version=&#8221;4.16&#8243; _module_preset=&#8221;default&#8221; global_colors_info=&#8221;{}&#8221;][et_pb_text _builder_version=&#8221;4.16&#8243; _dynamic_attributes=&#8221;content&#8221; _module_preset=&#8221;default&#8221; text_text_color=&#8221;#2B53A0&#8243; text_font_size=&#8221;35px&#8221; header_font=&#8221;|||on|||||&#8221; header_text_color=&#8221;#1D70B7&#8243; header_font_size=&#8221;70px&#8221; header_3_text_color=&#8221;#2B53A0&#8243; min_height=&#8221;64px&#8221; custom_margin=&#8221;17px||25px|||&#8221; custom_padding=&#8221;60px||0px|||&#8221; header_text_shadow_style=&#8221;preset4&#8243; header_text_shadow_horizontal_length=&#8221;0.03em&#8221; header_text_shadow_vertical_length=&#8221;0.04em&#8221; header_text_shadow_color=&#8221;#ffffff&#8221; global_colors_info=&#8221;{}&#8221;]@ET-DC@eyJkeW5hbWljIjp0cnVlLCJjb250ZW50IjoicG9zdF90aXRsZSIsInNldHRpbmdzIjp7ImJlZm9yZSI6IjxoMT4iLCJhZnRlciI6IjwvaDE+In19@[\/et_pb_text][et_pb_text _builder_version=&#8221;4.16&#8243; _module_preset=&#8221;default&#8221; text_font_size=&#8221;35px&#8221; header_font=&#8221;|||on|||||&#8221; header_font_size=&#8221;60px&#8221; header_3_font=&#8221;|||on|||||&#8221; header_3_text_color=&#8221;#009EE2&#8243; header_3_font_size=&#8221;35px&#8221; background_color=&#8221;#FFFFFF&#8221; width=&#8221;85%&#8221; custom_margin=&#8221;2px|||||&#8221; custom_padding=&#8221;15px|30px||30px|false|true&#8221; border_radii=&#8221;off|30px||40px|&#8221; box_shadow_style=&#8221;preset2&#8243; global_colors_info=&#8221;{}&#8221;]<\/p>\n<h3>Patrocina el plan Sugu<\/h3>\n<p>[\/et_pb_text][et_pb_cta title=&#8221;Scholarship&#8221; button_text=&#8221;Click Here&#8221; _builder_version=&#8221;4.16&#8243; _module_preset=&#8221;default&#8221; header_level=&#8221;h3&#8243; header_text_color=&#8221;#FFFFFF&#8221; header_font_size=&#8221;41px&#8221; body_font=&#8221;||||||||&#8221; body_text_color=&#8221;#FFFFFF&#8221; body_font_size=&#8221;16px&#8221; background_color=&#8221;#1D70B7&#8243; custom_padding=&#8221;||30px|||&#8221; box_shadow_style=&#8221;preset2&#8243; global_colors_info=&#8221;{}&#8221;]<\/p>\n<p>Sugu te ofrece la oportunidad de apadrinar ni\u00f1os en Colombia. Esta inversi\u00f3n mensual cubrir\u00e1 la totalidad de la pensi\u00f3n y los materiales de trabajo de ni\u00f1os con gran talento pero con escasos recursos econ\u00f3micos y que no tienen acceso a servicios de educaci\u00f3n art\u00edstica.<\/p>\n<p>Como consecuencia de la actual recesi\u00f3n econ\u00f3mica, varias de estas familias se han visto directamente afectadas. Esto les priva de la posibilidad de apoyar a sus hijos en el desarrollo de las bellas artes para el futuro de los bellos valores.<\/p>\n<p>Por eso estamos aqu\u00ed para ellos y con tu apoyo apadrinaremos a m\u00e1s familias a trav\u00e9s de tu contribuci\u00f3n.<\/p>\n<p>[\/et_pb_cta][\/et_pb_column][et_pb_column type=&#8221;3_5&#8243; _builder_version=&#8221;4.16&#8243; _module_preset=&#8221;default&#8221; global_colors_info=&#8221;{}&#8221;][et_pb_image src=&#8221;https:\/\/suguartistico.com\/wp-content\/uploads\/2022\/08\/IMG_7180-scaled.jpeg&#8221; title_text=&#8221;IMG_7180&#8243; show_in_lightbox=&#8221;on&#8221; align=&#8221;center&#8221; _builder_version=&#8221;4.19.4&#8243; _module_preset=&#8221;default&#8221; transform_rotate=&#8221;0deg|0deg|355deg&#8221; width=&#8221;100%&#8221; max_width=&#8221;100%&#8221; module_alignment=&#8221;center&#8221; custom_margin=&#8221;75px||||false|false&#8221; filter_contrast=&#8221;117%&#8221; animation_style=&#8221;bounce&#8221; hover_enabled=&#8221;0&#8243; border_width_all=&#8221;2px&#8221; border_color_all=&#8221;#FFFFFF&#8221; border_style_all=&#8221;dashed&#8221; box_shadow_style=&#8221;preset2&#8243; global_colors_info=&#8221;{}&#8221; sticky_enabled=&#8221;0&#8243;][\/et_pb_image][\/et_pb_column][\/et_pb_row][\/et_pb_section][et_pb_section fb_built=&#8221;1&#8243; next_background_color=&#8221;#ffffff&#8221; _builder_version=&#8221;4.16&#8243; _module_preset=&#8221;default&#8221; background_color=&#8221;#2B53A0&#8243; custom_margin=&#8221;-130px|||||&#8221; custom_padding=&#8221;0px||86px|||&#8221; top_divider_flip=&#8221;horizontal&#8221; bottom_divider_style=&#8221;clouds2&#8243; global_colors_info=&#8221;{}&#8221;][et_pb_row _builder_version=&#8221;4.16&#8243; _module_preset=&#8221;default&#8221; custom_padding=&#8221;57px|||||&#8221; global_colors_info=&#8221;{}&#8221;][et_pb_column type=&#8221;4_4&#8243; _builder_version=&#8221;4.16&#8243; _module_preset=&#8221;default&#8221; global_colors_info=&#8221;{}&#8221;][et_pb_text _builder_version=&#8221;4.16&#8243; _module_preset=&#8221;default&#8221; text_text_color=&#8221;#FFFFFF&#8221; text_font_size=&#8221;16px&#8221; text_orientation=&#8221;center&#8221; custom_margin=&#8221;||-39px|||&#8221; custom_padding=&#8221;63px|||||&#8221; global_colors_info=&#8221;{}&#8221;]<\/p>\n<p style=\"text-align: left;\">\n<p style=\"text-align: left;\">\n<p style=\"text-align: left;\">\n<p style=\"text-align: left;\">Por ello, ofrecemos esta oportunidad \u00fanica de aportaci\u00f3n mensual voluntaria con tres opciones que se detallan en el siguiente cuadro:<\/p>\n<p>[\/et_pb_text][\/et_pb_column][\/et_pb_row][et_pb_row _builder_version=&#8221;4.16&#8243; _module_preset=&#8221;default&#8221; module_alignment=&#8221;center&#8221; custom_margin=&#8221;35px|auto||281px||&#8221; custom_padding=&#8221;3px|0px||||&#8221; global_colors_info=&#8221;{}&#8221;][et_pb_column type=&#8221;4_4&#8243; _builder_version=&#8221;4.16&#8243; _module_preset=&#8221;default&#8221; global_colors_info=&#8221;{}&#8221;][et_pb_pricing_tables featured_table_text_color=&#8221;#575757&#8243; _builder_version=&#8221;4.16&#8243; _module_preset=&#8221;default&#8221; body_font_size=&#8221;16px&#8221; min_height=&#8221;684px&#8221; custom_padding=&#8221;24px|||20px||&#8221; global_colors_info=&#8221;{}&#8221;][et_pb_pricing_table title=&#8221;Plan Padrino\/Madrina &#8221; subtitle=&#8221;Gran oportunidad para apadrinar a los ni\u00f1os de Sugu&#8221; currency=&#8221;U$&#8221; per=&#8221;Mensuales&#8221; sum=&#8221;100&#8243; button_url=&#8221;https:\/\/payco.link\/946583&#8243; url_new_window=&#8221;on&#8221; button_text=&#8221;Apoyar&#8221; header_background_color=&#8221;#ededed&#8221; title_tablet=&#8221;&#8221; title_phone=&#8221;Padrino\/Madrina &#8221; title_last_edited=&#8221;on|desktop&#8221; _builder_version=&#8221;4.16&#8243; _module_preset=&#8221;default&#8221; price_text_color=&#8221;#009EE2&#8243; header_text_color=&#8221;#2B53A0&#8243; header_font_size=&#8221;38px&#8221; subheader_text_color=&#8221;#1D70B7&#8243; price_font=&#8221;Bebas Neue||||||||&#8221; currency_frequency_font_size=&#8221;16px&#8221; currency_frequency_letter_spacing=&#8221;1px&#8221; currency_frequency_line_height=&#8221;1em&#8221; custom_button=&#8221;on&#8221; button_text_color=&#8221;#FFFFFF&#8221; button_bg_color=&#8221;#2B53A0&#8243; button_border_radius=&#8221;100px&#8221; button_alignment=&#8221;center&#8221; global_colors_info=&#8221;{}&#8221; button_text__hover_enabled=&#8221;on|desktop&#8221; button_text__hover=&#8221;Apoyar&#8221; sticky_transition=&#8221;on&#8221;]<\/p>\n<p>+ Apoyar el crecimiento de los ni\u00f1os en las artes<br \/>+ Hacer que los ni\u00f1os sean felices aprendiendo bellas artes<br \/>+ Recibe noticias cada semana<br \/>+ Recibe una bonita carta de un ni\u00f1o favorecido<br \/>+ Recibe muestras art\u00edsticas de los ni\u00f1os<br \/>+ Ve en directo dos clases de Sugu\/mes<\/p>\n<p>[\/et_pb_pricing_table][et_pb_pricing_table title=&#8221;Plan T\u00edo\/T\u00eda&#8221; subtitle=&#8221;Gran oportunidad de patrocinar a Sugu&#8221; currency=&#8221;U$&#8221; per=&#8221;Mensuales&#8221; sum=&#8221;50&#8243; button_url=&#8221;https:\/\/payco.link\/939958&#8243; url_new_window=&#8221;on&#8221; button_text=&#8221;Apoyar&#8221; header_background_color=&#8221;#e2e2e2&#8243; _builder_version=&#8221;4.16&#8243; _module_preset=&#8221;default&#8221; price_text_color=&#8221;#009EE2&#8243; header_text_color=&#8221;#2B53A0&#8243; header_font_size=&#8221;38px&#8221; subheader_text_color=&#8221;#1D70B7&#8243; price_font=&#8221;Bebas Neue||||||||&#8221; custom_button=&#8221;on&#8221; button_text_color=&#8221;#FFFFFF&#8221; button_bg_color=&#8221;#2B53A0&#8243; button_border_radius=&#8221;100px&#8221; button_alignment=&#8221;center&#8221; global_colors_info=&#8221;{}&#8221; sticky_transition=&#8221;on&#8221;]<\/p>\n<p>+ Apoyar el crecimiento de los ni\u00f1os en las artes<br \/>+ Hacer que los ni\u00f1os sean felices aprendiendo bellas artes<br \/>+ Recibe noticias cada semana<br \/>&#8211; Recibe una bonita carta de un ni\u00f1o favorecido<br \/>&#8211; Recibe muestras art\u00edsticas de los ni\u00f1os<br \/>+ Ve en directo una clase de Sugu\/mes<\/p>\n<p>[\/et_pb_pricing_table][et_pb_pricing_table title=&#8221;Plan Primo&#8221; subtitle=&#8221;Ayudar y patrocinar a Sugu&#8221; currency=&#8221;U$  &#8221; per=&#8221;Mensuales&#8221; sum=&#8221;30&#8243; button_url=&#8221;https:\/\/payco.link\/946508&#8243; url_new_window=&#8221;on&#8221; button_text=&#8221;Apoyar&#8221; header_background_color=&#8221;#d3d3d3&#8243; _builder_version=&#8221;4.16&#8243; _module_preset=&#8221;default&#8221; price_text_color=&#8221;#009EE2&#8243; header_text_color=&#8221;#2B53A0&#8243; header_font_size=&#8221;38px&#8221; subheader_text_color=&#8221;#1D70B7&#8243; price_font=&#8221;Bebas Neue||||||||&#8221; custom_button=&#8221;on&#8221; button_text_color=&#8221;#FFFFFF&#8221; button_bg_color=&#8221;#2B53A0&#8243; button_border_radius=&#8221;100px&#8221; button_alignment=&#8221;center&#8221; global_colors_info=&#8221;{}&#8221; sticky_transition=&#8221;on&#8221;]<\/p>\n<p>+ Apoyar el crecimiento de los ni\u00f1os en las artes<br \/>+ Hacer que los ni\u00f1os sean felices aprendiendo bellas artes<br \/>&#8211; Recibe noticias cada semana<br \/>&#8211; Recibe una bonita carta de un ni\u00f1o favorecido<br \/>&#8211; Recibe muestras art\u00edsticas de los ni\u00f1os<br \/>&#8211; Ve en directo una clase de Sugu\/mes<\/p>\n<p>[\/et_pb_pricing_table][\/et_pb_pricing_tables][\/et_pb_column][\/et_pb_row][et_pb_row _builder_version=&#8221;4.16&#8243; _module_preset=&#8221;default&#8221; custom_padding=&#8221;0px|||||&#8221; global_colors_info=&#8221;{}&#8221;][et_pb_column type=&#8221;4_4&#8243; _builder_version=&#8221;4.16&#8243; _module_preset=&#8221;default&#8221; global_colors_info=&#8221;{}&#8221;][et_pb_text _builder_version=&#8221;4.16&#8243; _module_preset=&#8221;default&#8221; text_text_color=&#8221;#FFFFFF&#8221; text_font_size=&#8221;16px&#8221; text_orientation=&#8221;center&#8221; global_colors_info=&#8221;{}&#8221;]<\/p>\n<p><img loading=\"lazy\" decoding=\"async\" src=\"https:\/\/suguartistico.com\/wp-content\/uploads\/2021\/05\/Cup-of-coffe-300x248.png\" alt=\"\" class=\"wp-image-526 alignnone size-medium\" width=\"117\" height=\"97\" \/>Todos los planes cuestan entre un caf\u00e9 y casi un gourmet U$3.3 &#8211; 1 \/ diario<\/p>\n<p>[\/et_pb_text][\/et_pb_column][\/et_pb_row][et_pb_row column_structure=&#8221;1_2,1_2&#8243; _builder_version=&#8221;4.16&#8243; _module_preset=&#8221;default&#8221; custom_padding=&#8221;15px|||||&#8221; global_colors_info=&#8221;{}&#8221;][et_pb_column type=&#8221;1_2&#8243; _builder_version=&#8221;4.16&#8243; _module_preset=&#8221;default&#8221; global_colors_info=&#8221;{}&#8221;][et_pb_text _builder_version=&#8221;4.16&#8243; _module_preset=&#8221;default&#8221; text_text_color=&#8221;#FFFFFF&#8221; text_font_size=&#8221;18px&#8221; global_colors_info=&#8221;{}&#8221;]<\/p>\n<p>Este patrocinio se recibir\u00e1 a trav\u00e9s de PayPal y transferencia bancaria internacional<\/p>\n<p>[\/et_pb_text][et_pb_text _builder_version=&#8221;4.16&#8243; _module_preset=&#8221;default&#8221; text_text_color=&#8221;#FFFFFF&#8221; text_font_size=&#8221;18px&#8221; global_colors_info=&#8221;{}&#8221;]<\/p>\n<p>Si quieres ayudar a m\u00e1s ni\u00f1os puedes aumentar el importe de tu plan -&gt;<\/p>\n<p>[\/et_pb_text][\/et_pb_column][et_pb_column type=&#8221;1_2&#8243; _builder_version=&#8221;4.16&#8243; _module_preset=&#8221;default&#8221; global_colors_info=&#8221;{}&#8221;][et_pb_button button_url=&#8221;https:\/\/secure.payco.co\/checkoutopen\/37738&#8243; url_new_window=&#8221;on&#8221; button_text=&#8221;\u00danica donaci\u00f3n&#8221; button_alignment=&#8221;center&#8221; _builder_version=&#8221;4.16&#8243; _module_preset=&#8221;default&#8221; custom_button=&#8221;on&#8221; button_text_size=&#8221;26px&#8221; button_text_color=&#8221;#FFFFFF&#8221; button_bg_color=&#8221;RGBA(0,0,0,0)&#8221; button_border_width=&#8221;4px&#8221; button_border_color=&#8221;#009EE2&#8243; button_border_radius=&#8221;100px&#8221; button_letter_spacing=&#8221;2px&#8221; button_font=&#8221;Bebas Neue||||||||&#8221; button_icon_color=&#8221;#009EE2&#8243; custom_margin=&#8221;22px|||||&#8221; locked=&#8221;off&#8221; global_colors_info=&#8221;{}&#8221;][\/et_pb_button][\/et_pb_column][\/et_pb_row][\/et_pb_section][et_pb_section fb_built=&#8221;1&#8243; _builder_version=&#8221;4.16&#8243; _module_preset=&#8221;default&#8221; custom_padding=&#8221;0px||2px|||&#8221; global_colors_info=&#8221;{}&#8221;][et_pb_row _builder_version=&#8221;4.16&#8243; _module_preset=&#8221;default&#8221; locked=&#8221;off&#8221; global_colors_info=&#8221;{}&#8221;][et_pb_column type=&#8221;4_4&#8243; _builder_version=&#8221;4.16&#8243; _module_preset=&#8221;default&#8221; global_colors_info=&#8221;{}&#8221;][et_pb_button button_url=&#8221;https:\/\/suguartistico.com&#8221; button_text=&#8221;Conoce a sugu&#8221; button_alignment=&#8221;center&#8221; button_text_tablet=&#8221;&#8221; button_text_phone=&#8221;Conoce a Sugu&#8221; button_text_last_edited=&#8221;on|phone&#8221; _builder_version=&#8221;4.16&#8243; _module_preset=&#8221;default&#8221; custom_button=&#8221;on&#8221; button_text_size=&#8221;26px&#8221; button_text_color=&#8221;#FFFFFF&#8221; button_bg_color=&#8221;#2B53A0&#8243; button_border_width=&#8221;0px&#8221; button_border_radius=&#8221;100px&#8221; button_letter_spacing=&#8221;2px&#8221; button_font=&#8221;Bebas Neue||||||||&#8221; locked=&#8221;off&#8221; global_colors_info=&#8221;{}&#8221;][\/et_pb_button][\/et_pb_column][\/et_pb_row][\/et_pb_section]<\/p>\n","protected":false},"excerpt":{"rendered":"<p>Patrocina el plan SuguSugu te ofrece la oportunidad de apadrinar ni\u00f1os en Colombia. Esta inversi\u00f3n mensual cubrir\u00e1 la totalidad de la pensi\u00f3n y los materiales de trabajo de ni\u00f1os con gran talento pero con escasos recursos econ\u00f3micos y que no tienen acceso a servicios de educaci\u00f3n art\u00edstica. Como consecuencia de la actual recesi\u00f3n econ\u00f3mica, varias [&hellip;]<\/p>\n","protected":false},"author":1,"featured_media":0,"parent":0,"menu_order":0,"comment_status":"closed","ping_status":"closed","template":"","meta":{"_et_pb_use_builder":"on","_et_pb_old_content":"","_et_gb_content_width":"","footnotes":""},"class_list":["post-16","page","type-page","status-publish","hentry"],"_links":{"self":[{"href":"https:\/\/suguartistico.com\/en\/wp-json\/wp\/v2\/pages\/16","targetHints":{"allow":["GET"]}}],"collection":[{"href":"https:\/\/suguartistico.com\/en\/wp-json\/wp\/v2\/pages"}],"about":[{"href":"https:\/\/suguartistico.com\/en\/wp-json\/wp\/v2\/types\/page"}],"author":[{"embeddable":true,"href":"https:\/\/suguartistico.com\/en\/wp-json\/wp\/v2\/users\/1"}],"replies":[{"embeddable":true,"href":"https:\/\/suguartistico.com\/en\/wp-json\/wp\/v2\/comments?post=16"}],"version-history":[{"count":83,"href":"https:\/\/suguartistico.com\/en\/wp-json\/wp\/v2\/pages\/16\/revisions"}],"predecessor-version":[{"id":1684,"href":"https:\/\/suguartistico.com\/en\/wp-json\/wp\/v2\/pages\/16\/revisions\/1684"}],"wp:attachment":[{"href":"https:\/\/suguartistico.com\/en\/wp-json\/wp\/v2\/media?parent=16"}],"curies":[{"name":"wp","href":"https:\/\/api.w.org\/{rel}","templated":true}]}}