{"id":14,"date":"2021-03-16T20:22:07","date_gmt":"2021-03-17T01:22:07","guid":{"rendered":"https:\/\/suguartistico.com\/?page_id=14"},"modified":"2023-01-16T17:42:02","modified_gmt":"2023-01-16T22:42:02","slug":"el-proposito","status":"publish","type":"page","link":"https:\/\/suguartistico.com\/en\/el-proposito\/","title":{"rendered":"The purpose"},"content":{"rendered":"<p>[et_pb_section fb_built=&#8221;1&#8243; _builder_version=&#8221;4.16&#8243; _module_preset=&#8221;default&#8221; background_image=&#8221;https:\/\/suguartistico.com\/wp-content\/uploads\/2021\/03\/fnd-blue.png&#8221; parallax=&#8221;on&#8221; parallax_method=&#8221;off&#8221; custom_padding=&#8221;38px||0px|||&#8221; global_colors_info=&#8221;{}&#8221;][et_pb_row column_structure=&#8221;2_5,3_5&#8243; _builder_version=&#8221;4.16&#8243; _module_preset=&#8221;default&#8221; custom_margin=&#8221;|auto|-36px|auto||&#8221; custom_padding=&#8221;51px||0px|||&#8221; global_colors_info=&#8221;{}&#8221;][et_pb_column type=&#8221;2_5&#8243; _builder_version=&#8221;4.16&#8243; _module_preset=&#8221;default&#8221; global_colors_info=&#8221;{}&#8221;][et_pb_text _builder_version=&#8221;4.16&#8243; _dynamic_attributes=&#8221;content&#8221; _module_preset=&#8221;default&#8221; text_text_color=&#8221;#2B53A0&#8243; text_font_size=&#8221;35px&#8221; header_font=&#8221;|||on|||||&#8221; header_text_color=&#8221;#1D70B7&#8243; header_font_size=&#8221;70px&#8221; header_3_text_color=&#8221;#2B53A0&#8243; min_height=&#8221;60px&#8221; custom_margin=&#8221;||-2px|||&#8221; custom_padding=&#8221;40px|||||&#8221; header_text_shadow_style=&#8221;preset5&#8243; header_text_shadow_horizontal_length=&#8221;0.03em&#8221; header_text_shadow_vertical_length=&#8221;0.05em&#8221; header_text_shadow_color=&#8221;#FFFFFF&#8221; global_colors_info=&#8221;{}&#8221;]@ET-DC@eyJkeW5hbWljIjp0cnVlLCJjb250ZW50IjoicG9zdF90aXRsZSIsInNldHRpbmdzIjp7ImJlZm9yZSI6IjxoMT4iLCJhZnRlciI6IjwvaDE+In19@[\/et_pb_text][et_pb_text _builder_version=&#8221;4.16&#8243; _module_preset=&#8221;default&#8221; text_font_size=&#8221;35px&#8221; header_font=&#8221;|||on|||||&#8221; header_font_size=&#8221;60px&#8221; header_3_font=&#8221;|||on|||||&#8221; header_3_text_color=&#8221;#009EE2&#8243; header_3_font_size=&#8221;38px&#8221; background_color=&#8221;#FFFFFF&#8221; width=&#8221;85%&#8221; custom_margin=&#8221;24px|||||&#8221; custom_padding=&#8221;15px|30px||30px|false|true&#8221; border_radii=&#8221;off|30px||40px|&#8221; box_shadow_style=&#8221;preset2&#8243; global_colors_info=&#8221;{}&#8221;]<\/p>\n<h3>Inspirar el amor por los \u00e1mbitos art\u00edsticos<\/h3>\n<p>[\/et_pb_text][et_pb_cta title=&#8221;Testimonio&#8221; button_text=&#8221;Click Here&#8221; title_last_edited=&#8221;off|desktop&#8221; _builder_version=&#8221;4.16&#8243; _module_preset=&#8221;default&#8221; header_level=&#8221;h3&#8243; header_font_size=&#8221;41px&#8221; body_font=&#8221;||on||||||&#8221; background_color=&#8221;#1D70B7&#8243; global_colors_info=&#8221;{}&#8221;]<\/p>\n<p><em>Nuestros hijos han sido beneficiarios del plan <strong>Sugu<\/strong> y damos gracias a Dios por un lugar tan hermoso para que aprendan. Cada vez que llegan nos cuentan historias fabulosas de sus experiencias en <strong>Sugu<\/strong> y cada semana est\u00e1n deseando volver. <strong>Sugu<\/strong> no s\u00f3lo es instructivo, tambi\u00e9n es vivencial y cada semana vemos un progreso significativo en el crecimiento de nuestros ni\u00f1os. Nos sentimos verdaderamente privilegiados. Gracias <strong>Sugu<\/strong>.<\/em><\/p>\n<p><strong><em>Padres<\/em><\/strong><\/p>\n<p>[\/et_pb_cta][\/et_pb_column][et_pb_column type=&#8221;3_5&#8243; _builder_version=&#8221;4.16&#8243; _module_preset=&#8221;default&#8221; global_colors_info=&#8221;{}&#8221;][et_pb_image src=&#8221;https:\/\/suguartistico.com\/wp-content\/uploads\/2022\/03\/Coverflow-Sugu-main-website6-scaled.jpeg&#8221; title_text=&#8221;Creaci\u00f3n y expresi\u00f3n pl\u00e1stica-Sugu Universo art\u00edstico&#8221; show_in_lightbox=&#8221;on&#8221; _builder_version=&#8221;4.19.4&#8243; _module_preset=&#8221;default&#8221; transform_rotate=&#8221;0deg|0deg|355deg&#8221; width=&#8221;100%&#8221; custom_margin=&#8221;34px|||||&#8221; hover_enabled=&#8221;0&#8243; border_width_all=&#8221;20px&#8221; border_color_all=&#8221;#FFFFFF&#8221; border_width_bottom=&#8221;50px&#8221; border_color_bottom=&#8221;#FFFFFF&#8221; box_shadow_style=&#8221;preset3&#8243; global_colors_info=&#8221;{}&#8221; alt=&#8221;Creaci\u00f3n y expresi\u00f3n pl\u00e1stica-Sugu Universo art\u00edstico&#8221; sticky_enabled=&#8221;0&#8243;][\/et_pb_image][\/et_pb_column][\/et_pb_row][et_pb_row column_structure=&#8221;2_5,3_5&#8243; custom_padding_last_edited=&#8221;on|tablet&#8221; _builder_version=&#8221;4.16&#8243; _module_preset=&#8221;default&#8221; background_enable_color=&#8221;off&#8221; custom_margin=&#8221;53px|auto||auto||&#8221; custom_padding=&#8221;105px|38px|90px|38px|false|true&#8221; custom_padding_tablet=&#8221;120px|5px||5px|false|true&#8221; custom_padding_phone=&#8221;&#8221; border_radii=&#8221;on|14px|14px|14px|14px&#8221; global_colors_info=&#8221;{}&#8221;][et_pb_column type=&#8221;2_5&#8243; _builder_version=&#8221;4.16&#8243; _module_preset=&#8221;default&#8221; global_colors_info=&#8221;{}&#8221;][et_pb_image src=&#8221;https:\/\/suguartistico.com\/wp-content\/uploads\/2021\/03\/sugu-15.jpg&#8221; title_text=&#8221;sugu-15&#8243; _builder_version=&#8221;4.16&#8243; _module_preset=&#8221;default&#8221; custom_margin=&#8221;-2px|||||&#8221; border_radii=&#8221;on|20px|20px|20px|20px&#8221; border_width_all=&#8221;8px&#8221; border_color_all=&#8221;#FFFFFF&#8221; global_colors_info=&#8221;{}&#8221;][\/et_pb_image][\/et_pb_column][et_pb_column type=&#8221;3_5&#8243; _builder_version=&#8221;4.16&#8243; _module_preset=&#8221;default&#8221; background_color=&#8221;#FFFFFF&#8221; custom_padding=&#8221;30px|30px|34px|30px|false|true&#8221; border_radii=&#8221;on|20px|20px|20px|20px&#8221; global_colors_info=&#8221;{}&#8221;][et_pb_text _builder_version=&#8221;4.16&#8243; _module_preset=&#8221;default&#8221; text_text_color=&#8221;#1D70B7&#8243; text_font_size=&#8221;20px&#8221; text_line_height=&#8221;1.8em&#8221; global_colors_info=&#8221;{}&#8221;]<\/p>\n<p><strong>\u221a<\/strong> El amor inspirador, por supuesto, proporcionar\u00e1 los <strong>valores necesarios e indispensables<\/strong> para un buen desarrollo de las inteligencias m\u00faltiples en los ni\u00f1os.<\/p>\n<p>[\/et_pb_text][et_pb_text _builder_version=&#8221;4.16&#8243; _module_preset=&#8221;default&#8221; text_text_color=&#8221;#1D70B7&#8243; text_font_size=&#8221;20px&#8221; text_line_height=&#8221;1.8em&#8221; global_colors_info=&#8221;{}&#8221;]<\/p>\n<p>\u221a Sugu busca fortalecer los lazos familiares y <strong>mejorar las relaciones entre padres e hijos<\/strong> a trav\u00e9s de talleres interactivos que integran el n\u00facleo familiar.<\/p>\n<p>[\/et_pb_text][\/et_pb_column][\/et_pb_row][et_pb_row column_structure=&#8221;1_4,3_4&#8243; _builder_version=&#8221;4.16&#8243; _module_preset=&#8221;default&#8221; global_colors_info=&#8221;{}&#8221;][et_pb_column type=&#8221;1_4&#8243; _builder_version=&#8221;4.16&#8243; _module_preset=&#8221;default&#8221; global_colors_info=&#8221;{}&#8221;][et_pb_image src=&#8221;https:\/\/suguartistico.com\/wp-content\/uploads\/2021\/07\/Nelson-Mandela.png&#8221; title_text=&#8221;Nelson Mandela&#8221; _builder_version=&#8221;4.16&#8243; _module_preset=&#8221;default&#8221; global_colors_info=&#8221;{}&#8221;][\/et_pb_image][\/et_pb_column][et_pb_column type=&#8221;3_4&#8243; _builder_version=&#8221;4.16&#8243; _module_preset=&#8221;default&#8221; global_colors_info=&#8221;{}&#8221;][et_pb_text _builder_version=&#8221;4.16&#8243; _module_preset=&#8221;default&#8221; text_font=&#8221;Acme||||||||&#8221; text_text_color=&#8221;#FFFFFF&#8221; text_font_size=&#8221;26px&#8221; global_colors_info=&#8221;{}&#8221;]<\/p>\n<p>&nbsp;<\/p>\n<p>&#8220;Los ni\u00f1os no solo son el futuro de la sociedad sino el futuro de las ideas. Si instruimos en valores a nuestros hijos, el futuro es prometedor\u201d\u2026<\/p>\n<p>&#8220;Children are not only the future of society but also the future of ideas. If we educate our children in values, the future is promising&#8221;&#8230;<\/p>\n<p><em>Nelson Mandela<\/em><\/p>\n<p>[\/et_pb_text][\/et_pb_column][\/et_pb_row][\/et_pb_section][et_pb_section fb_built=&#8221;1&#8243; next_background_color=&#8221;#ffffff&#8221; _builder_version=&#8221;4.16&#8243; _module_preset=&#8221;default&#8221; background_color=&#8221;#2B53A0&#8243; custom_margin=&#8221;-18px|||||&#8221; custom_padding=&#8221;||86px|||&#8221; top_divider_flip=&#8221;horizontal&#8221; bottom_divider_style=&#8221;clouds2&#8243; global_colors_info=&#8221;{}&#8221;][\/et_pb_section][et_pb_section fb_built=&#8221;1&#8243; _builder_version=&#8221;4.16&#8243; _module_preset=&#8221;default&#8221; global_colors_info=&#8221;{}&#8221;][et_pb_row _builder_version=&#8221;4.16&#8243; _module_preset=&#8221;default&#8221; custom_margin=&#8221;-34px|auto||auto||&#8221; custom_padding=&#8221;17px|||||&#8221; locked=&#8221;off&#8221; global_colors_info=&#8221;{}&#8221;][et_pb_column type=&#8221;4_4&#8243; _builder_version=&#8221;4.16&#8243; _module_preset=&#8221;default&#8221; global_colors_info=&#8221;{}&#8221;][et_pb_button button_url=&#8221;https:\/\/suguartistico.com\/alcance\/&#8221; button_text=&#8221;Alcance&#8221; button_alignment=&#8221;center&#8221; button_text_tablet=&#8221;Local outreach&#8221; button_text_phone=&#8221;Alcance&#8221; button_text_last_edited=&#8221;on|phone&#8221; _builder_version=&#8221;4.16&#8243; _module_preset=&#8221;default&#8221; custom_button=&#8221;on&#8221; button_text_size=&#8221;26px&#8221; button_text_color=&#8221;#FFFFFF&#8221; button_bg_color=&#8221;#2B53A0&#8243; button_border_width=&#8221;0px&#8221; button_border_radius=&#8221;100px&#8221; button_letter_spacing=&#8221;2px&#8221; button_font=&#8221;Bebas Neue||||||||&#8221; locked=&#8221;off&#8221; global_colors_info=&#8221;{}&#8221;][\/et_pb_button][\/et_pb_column][\/et_pb_row][\/et_pb_section][et_pb_section fb_built=&#8221;1&#8243; _builder_version=&#8221;4.16&#8243; _module_preset=&#8221;default&#8221; background_color=&#8221;#2b53a0&#8243; min_height=&#8221;142.7px&#8221; custom_margin=&#8221;||2px|||&#8221; custom_padding=&#8221;10px||7px|||&#8221; global_colors_info=&#8221;{}&#8221;][et_pb_row column_structure=&#8221;1_3,1_3,1_3&#8243; _builder_version=&#8221;4.16&#8243; _module_preset=&#8221;default&#8221; global_colors_info=&#8221;{}&#8221;][et_pb_column type=&#8221;1_3&#8243; _builder_version=&#8221;4.16&#8243; _module_preset=&#8221;default&#8221; global_colors_info=&#8221;{}&#8221;][et_pb_text _builder_version=&#8221;4.16&#8243; _module_preset=&#8221;default&#8221; text_text_color=&#8221;#FFFFFF&#8221; global_colors_info=&#8221;{}&#8221;]<\/p>\n<p style=\"text-align: center;\">All Rights Reserved &#8211; Sugu 2021<\/p>\n<p>[\/et_pb_text][\/et_pb_column][et_pb_column type=&#8221;1_3&#8243; _builder_version=&#8221;4.16&#8243; _module_preset=&#8221;default&#8221; global_colors_info=&#8221;{}&#8221;][et_pb_social_media_follow use_icon_font_size=&#8221;on&#8221; icon_font_size=&#8221;25px&#8221; _builder_version=&#8221;4.16&#8243; _module_preset=&#8221;default&#8221; background_color=&#8221;RGBA(0,0,0,0)&#8221; text_orientation=&#8221;center&#8221; global_colors_info=&#8221;{}&#8221;][et_pb_social_media_follow_network social_network=&#8221;facebook&#8221; url=&#8221;https:\/\/www.facebook.com\/Sugu-Universo-Art%C3%ADstico-112094264460546&#8243; _builder_version=&#8221;4.16&#8243; _module_preset=&#8221;default&#8221; background_color=&#8221;#3b5998&#8243; global_colors_info=&#8221;{}&#8221; follow_button=&#8221;off&#8221; url_new_window=&#8221;on&#8221;]facebook[\/et_pb_social_media_follow_network][et_pb_social_media_follow_network social_network=&#8221;instagram&#8221; url=&#8221;https:\/\/www.instagram.com\/invites\/contact\/?i=116z0b5wfdjpd&#038;utm_content=m7s9xbg&#8221; _builder_version=&#8221;4.16&#8243; _module_preset=&#8221;default&#8221; background_color=&#8221;#ea2c59&#8243; global_colors_info=&#8221;{}&#8221; follow_button=&#8221;off&#8221; url_new_window=&#8221;on&#8221;]instagram[\/et_pb_social_media_follow_network][\/et_pb_social_media_follow][\/et_pb_column][et_pb_column type=&#8221;1_3&#8243; _builder_version=&#8221;4.16&#8243; _module_preset=&#8221;default&#8221; global_colors_info=&#8221;{}&#8221;][et_pb_button button_url=&#8221;https:\/\/dashboard.tawk.to\/#\/monitoring&#8221; url_new_window=&#8221;on&#8221; button_text=&#8221;TAWK&#8221; button_alignment=&#8221;right&#8221; disabled_on=&#8221;on|on|off&#8221; _builder_version=&#8221;4.16&#8243; _module_preset=&#8221;default&#8221; custom_button=&#8221;on&#8221; button_text_size=&#8221;21px&#8221; button_text_color=&#8221;RGBA(0,0,0,0)&#8221; button_bg_image=&#8221;https:\/\/suguartistico.com\/wp-content\/uploads\/2021\/05\/Tawk-logo.png&#8221; button_border_width=&#8221;0px&#8221; global_colors_info=&#8221;{}&#8221;][\/et_pb_button][\/et_pb_column][\/et_pb_row][et_pb_row column_structure=&#8221;1_3,1_3,1_3&#8243; _builder_version=&#8221;4.16&#8243; _module_preset=&#8221;default&#8221; custom_padding=&#8221;9px|||||&#8221; global_colors_info=&#8221;{}&#8221;][et_pb_column type=&#8221;1_3&#8243; _builder_version=&#8221;4.16&#8243; _module_preset=&#8221;default&#8221; global_colors_info=&#8221;{}&#8221;][et_pb_button button_url=&#8221;https:\/\/suguartistico.com\/wp-admin&#8221; button_text=&#8221;Editor builder&#8221; button_alignment=&#8221;left&#8221; disabled_on=&#8221;on|on|off&#8221; _builder_version=&#8221;4.16&#8243; _module_preset=&#8221;default&#8221; custom_button=&#8221;on&#8221; button_text_size=&#8221;14px&#8221; global_colors_info=&#8221;{}&#8221;][\/et_pb_button][\/et_pb_column][et_pb_column type=&#8221;1_3&#8243; _builder_version=&#8221;4.16&#8243; _module_preset=&#8221;default&#8221; global_colors_info=&#8221;{}&#8221;][et_pb_button button_url=&#8221;https:\/\/suguartistico.com\/sugu-plan\/&#8221; url_new_window=&#8221;on&#8221; button_text=&#8221;Support us!&#8221; button_alignment=&#8221;center&#8221; _builder_version=&#8221;4.16&#8243; _module_preset=&#8221;default&#8221; custom_button=&#8221;on&#8221; button_border_color=&#8221;#009EE2&#8243; background_layout=&#8221;dark&#8221; global_colors_info=&#8221;{}&#8221;][\/et_pb_button][\/et_pb_column][et_pb_column type=&#8221;1_3&#8243; _builder_version=&#8221;4.16&#8243; _module_preset=&#8221;default&#8221; global_colors_info=&#8221;{}&#8221;][et_pb_button button_url=&#8221;https:\/\/suguartistico.com\/webmail&#8221; url_new_window=&#8221;on&#8221; button_text=&#8221;Sugu e-mail&#8221; button_alignment=&#8221;right&#8221; disabled_on=&#8221;on|on|off&#8221; _builder_version=&#8221;4.16&#8243; _module_preset=&#8221;default&#8221; custom_button=&#8221;on&#8221; button_text_size=&#8221;14px&#8221; custom_margin=&#8221;||||false|false&#8221; global_colors_info=&#8221;{}&#8221;][\/et_pb_button][\/et_pb_column][\/et_pb_row][et_pb_row _builder_version=&#8221;4.16&#8243; _module_preset=&#8221;default&#8221; custom_padding=&#8221;9px|||||&#8221; global_colors_info=&#8221;{}&#8221;][et_pb_column type=&#8221;4_4&#8243; _builder_version=&#8221;4.16&#8243; _module_preset=&#8221;default&#8221; global_colors_info=&#8221;{}&#8221;][et_pb_divider color=&#8221;#009EE2&#8243; divider_style=&#8221;dotted&#8221; _builder_version=&#8221;4.16&#8243; _module_preset=&#8221;default&#8221; global_colors_info=&#8221;{}&#8221;][\/et_pb_divider][\/et_pb_column][\/et_pb_row][et_pb_row _builder_version=&#8221;4.16&#8243; _module_preset=&#8221;default&#8221; custom_margin=&#8221;-23px|auto||auto||&#8221; custom_padding=&#8221;15px|||||&#8221; global_colors_info=&#8221;{}&#8221;][et_pb_column type=&#8221;4_4&#8243; _builder_version=&#8221;4.16&#8243; _module_preset=&#8221;default&#8221; global_colors_info=&#8221;{}&#8221;][et_pb_text _builder_version=&#8221;4.16&#8243; _module_preset=&#8221;default&#8221; text_font=&#8221;||on||||||&#8221; text_text_color=&#8221;#009EE2&#8243; custom_margin=&#8221;-21px|||||&#8221; global_colors_info=&#8221;{}&#8221;]<\/p>\n<p style=\"text-align: center;\">The text, videos, images, music, and other content within the <a href=\"https:\/\/suguartistico.com\/what-is-it\/\" target=\"_blank\" rel=\"noopener\" title=\"What is Sugu\">suguartistico.com<\/a> website are the property of the <a href=\"https:\/\/suguartistico.com\/offer-to-children\/\" target=\"_blank\" rel=\"noopener\" title=\"Offer to children of Sugu\">Sugu Universo Art\u00edstico<\/a> team; this means that all audio, video, images and text material on the <a href=\"https:\/\/suguartistico.com\" target=\"_blank\" rel=\"noopener\" title=\"Sugu start\">suguartistico.com<\/a> website is protected by copyright. Any infringement to this law will be claimed by the team (representative) of <a href=\"https:\/\/suguartistico.com\/sugu-galery\/\" target=\"_blank\" rel=\"noopener\" title=\"Sugu Galery 2021\">Sugu Universo Art\u00edstico<\/a>, as well as by any of its collaborators (founders) of <a href=\"https:\/\/suguartistico.com\/the-purpose\/\" target=\"_blank\" rel=\"noopener\" title=\"Sugu Purpose\">Sugu Universo Art\u00edstico<\/a>.<br \/>This website is designed for the promotion and portfolio of the work developed in <a href=\"https:\/\/suguartistico.com\/outreach\/\" target=\"_blank\" rel=\"noopener\" title=\"Sugu Outreach\">Sugu Universo Art\u00edstico<\/a> and represents the professional qualities for artistic instruction to children between 2 to 10 years old. The beneficiary children of the <a href=\"https:\/\/suguartistico.com\/sugu-plan\/\" target=\"_blank\" rel=\"noopener\" title=\"Sugu plan\">Sugu plan<\/a> are protected by their parents or guardians who endorse and support the <a href=\"https:\/\/secure.payco.co\/checkoutopen\/37738\" target=\"_blank\" rel=\"noopener\" title=\"Support us\">Sugu Universo Artistico program<\/a>, as well as approve with documented signatures the program and its participating teachers in charge.<\/p>\n<p style=\"text-align: center;\">Chia, Colombia August 19, 2021.<\/p>\n<p>[\/et_pb_text][\/et_pb_column][\/et_pb_row][\/et_pb_section]<\/p>\n","protected":false},"excerpt":{"rendered":"<p>Inspirar el amor por los \u00e1mbitos art\u00edsticosNuestros hijos han sido beneficiarios del plan Sugu y damos gracias a Dios por un lugar tan hermoso para que aprendan. Cada vez que llegan nos cuentan historias fabulosas de sus experiencias en Sugu y cada semana est\u00e1n deseando volver. Sugu no s\u00f3lo es instructivo, tambi\u00e9n es vivencial y [&hellip;]<\/p>\n","protected":false},"author":1,"featured_media":0,"parent":0,"menu_order":0,"comment_status":"closed","ping_status":"closed","template":"","meta":{"_et_pb_use_builder":"on","_et_pb_old_content":"","_et_gb_content_width":"","footnotes":""},"class_list":["post-14","page","type-page","status-publish","hentry"],"_links":{"self":[{"href":"https:\/\/suguartistico.com\/en\/wp-json\/wp\/v2\/pages\/14","targetHints":{"allow":["GET"]}}],"collection":[{"href":"https:\/\/suguartistico.com\/en\/wp-json\/wp\/v2\/pages"}],"about":[{"href":"https:\/\/suguartistico.com\/en\/wp-json\/wp\/v2\/types\/page"}],"author":[{"embeddable":true,"href":"https:\/\/suguartistico.com\/en\/wp-json\/wp\/v2\/users\/1"}],"replies":[{"embeddable":true,"href":"https:\/\/suguartistico.com\/en\/wp-json\/wp\/v2\/comments?post=14"}],"version-history":[{"count":37,"href":"https:\/\/suguartistico.com\/en\/wp-json\/wp\/v2\/pages\/14\/revisions"}],"predecessor-version":[{"id":1681,"href":"https:\/\/suguartistico.com\/en\/wp-json\/wp\/v2\/pages\/14\/revisions\/1681"}],"wp:attachment":[{"href":"https:\/\/suguartistico.com\/en\/wp-json\/wp\/v2\/media?parent=14"}],"curies":[{"name":"wp","href":"https:\/\/api.w.org\/{rel}","templated":true}]}}