{"id":1147,"date":"2021-08-03T16:54:35","date_gmt":"2021-08-03T21:54:35","guid":{"rendered":"https:\/\/suguartistico.com\/?page_id=1147"},"modified":"2022-03-04T17:33:06","modified_gmt":"2022-03-04T22:33:06","slug":"experiencia-sonora","status":"publish","type":"page","link":"https:\/\/suguartistico.com\/en\/experiencia-sonora\/","title":{"rendered":"Sound Experience"},"content":{"rendered":"<p>[et_pb_section fb_built=&#8221;1&#8243; _builder_version=&#8221;4.9.10&#8243; _module_preset=&#8221;default&#8221; background_enable_image=&#8221;off&#8221; custom_padding=&#8221;||0px|||&#8221; global_colors_info=&#8221;{}&#8221;][et_pb_row _builder_version=&#8221;4.9.10&#8243; _module_preset=&#8221;default&#8221; custom_margin=&#8221;-2px|auto||auto||&#8221; custom_padding=&#8221;11px|||||&#8221; global_colors_info=&#8221;{}&#8221;][et_pb_column type=&#8221;4_4&#8243; _builder_version=&#8221;4.9.10&#8243; _module_preset=&#8221;default&#8221; global_colors_info=&#8221;{}&#8221;][et_pb_text _builder_version=&#8221;4.14.8&#8243; _module_preset=&#8221;default&#8221; text_text_color=&#8221;#FFFFFF&#8221; header_text_color=&#8221;#37d67f&#8221; custom_margin=&#8221;||3px|||&#8221; custom_padding=&#8221;||2px|||&#8221; header_text_shadow_style=&#8221;preset4&#8243; header_text_shadow_color=&#8221;#1D70B7&#8243; global_colors_info=&#8221;{}&#8221;]<\/p>\n<h1 style=\"text-align: center;\"><strong>Experiencia Sonora<br \/><\/strong><\/h1>\n<p>[\/et_pb_text][et_pb_text _builder_version=&#8221;4.14.8&#8243; _module_preset=&#8221;default&#8221; text_font=&#8221;|600|||||||&#8221; text_font_size=&#8221;16px&#8221; header_3_font=&#8221;||||||||&#8221; header_3_text_color=&#8221;#1D70B7&#8243; custom_margin=&#8221;-3px|||||&#8221; global_colors_info=&#8221;{}&#8221;]<\/p>\n<h3>Sugu es el lugar donde los ni\u00f1os aprenden escuchando y experimentando con el sonido. En nuestros talleres aprenden a hacer m\u00fasica con su cuerpo y el sonido que pueden producir por s\u00ed mismos con la gu\u00eda de los profesores. S\u00ed, nuestros ni\u00f1os son m\u00fasica en Sugu.<\/h3>\n<p>[\/et_pb_text][\/et_pb_column][\/et_pb_row][\/et_pb_section][et_pb_section fb_built=&#8221;1&#8243; _builder_version=&#8221;4.9.10&#8243; _module_preset=&#8221;default&#8221; background_image=&#8221;https:\/\/suguartistico.com\/wp-content\/uploads\/2021\/03\/fnd-blue.png&#8221; global_colors_info=&#8221;{}&#8221;][et_pb_row _builder_version=&#8221;4.9.10&#8243; _module_preset=&#8221;default&#8221; global_colors_info=&#8221;{}&#8221;][et_pb_column type=&#8221;4_4&#8243; _builder_version=&#8221;4.9.10&#8243; _module_preset=&#8221;default&#8221; global_colors_info=&#8221;{}&#8221;][et_pb_gallery gallery_ids=&#8221;1154,1155,1156,1157,1158,1159,1324&#8243; posts_number=&#8221;20&#8243; show_title_and_caption=&#8221;off&#8221; _builder_version=&#8221;4.10.5&#8243; _module_preset=&#8221;default&#8221; custom_padding=&#8221;||0px|||&#8221; global_colors_info=&#8221;{}&#8221;][\/et_pb_gallery][et_pb_video src=&#8221;https:\/\/suguartistico.com\/wp-content\/uploads\/2021\/08\/Sound-experience.m4v&#8221; image_src=&#8221;https:\/\/suguartistico.com\/wp-content\/uploads\/2021\/08\/Sound-experience-at-Sugu-videos-20213-scaled.jpg&#8221; _builder_version=&#8221;4.9.10&#8243; _module_preset=&#8221;default&#8221; global_colors_info=&#8221;{}&#8221;][\/et_pb_video][et_pb_video _builder_version=&#8221;4.9.10&#8243; _module_preset=&#8221;default&#8221; global_colors_info=&#8221;{}&#8221;][\/et_pb_video][\/et_pb_column][\/et_pb_row][\/et_pb_section][et_pb_section fb_built=&#8221;1&#8243; _builder_version=&#8221;4.9.11&#8243; _module_preset=&#8221;default&#8221; custom_padding=&#8221;27px||11px|||&#8221; global_colors_info=&#8221;{}&#8221;][et_pb_row _builder_version=&#8221;4.9.11&#8243; _module_preset=&#8221;default&#8221; custom_padding=&#8221;17px|||||&#8221; global_colors_info=&#8221;{}&#8221;][et_pb_column type=&#8221;4_4&#8243; _builder_version=&#8221;4.9.11&#8243; _module_preset=&#8221;default&#8221; global_colors_info=&#8221;{}&#8221;][et_pb_button button_url=&#8221;https:\/\/suguartistico.com\/galeria\/&#8221; button_text=&#8221;Galery&#8221; button_alignment=&#8221;center&#8221; button_text_tablet=&#8221;&#8221; button_text_phone=&#8221;Galery&#8221; button_text_last_edited=&#8221;on|phone&#8221; _builder_version=&#8221;4.14.8&#8243; _module_preset=&#8221;default&#8221; custom_button=&#8221;on&#8221; button_text_size=&#8221;26px&#8221; button_text_color=&#8221;#FFFFFF&#8221; button_bg_color=&#8221;#2B53A0&#8243; button_border_width=&#8221;0px&#8221; button_border_radius=&#8221;100px&#8221; button_letter_spacing=&#8221;2px&#8221; button_font=&#8221;Bebas Neue||||||||&#8221; hover_enabled=&#8221;0&#8243; locked=&#8221;off&#8221; global_colors_info=&#8221;{}&#8221; sticky_enabled=&#8221;0&#8243;][\/et_pb_button][\/et_pb_column][\/et_pb_row][\/et_pb_section]<\/p>\n","protected":false},"excerpt":{"rendered":"<p>Experiencia SonoraSugu es el lugar donde los ni\u00f1os aprenden escuchando y experimentando con el sonido. En nuestros talleres aprenden a hacer m\u00fasica con su cuerpo y el sonido que pueden producir por s\u00ed mismos con la gu\u00eda de los profesores. S\u00ed, nuestros ni\u00f1os son m\u00fasica en Sugu.<\/p>","protected":false},"author":1,"featured_media":0,"parent":0,"menu_order":0,"comment_status":"closed","ping_status":"closed","template":"","meta":{"_et_pb_use_builder":"on","_et_pb_old_content":"","_et_gb_content_width":"","footnotes":""},"class_list":["post-1147","page","type-page","status-publish","hentry"],"_links":{"self":[{"href":"https:\/\/suguartistico.com\/en\/wp-json\/wp\/v2\/pages\/1147","targetHints":{"allow":["GET"]}}],"collection":[{"href":"https:\/\/suguartistico.com\/en\/wp-json\/wp\/v2\/pages"}],"about":[{"href":"https:\/\/suguartistico.com\/en\/wp-json\/wp\/v2\/types\/page"}],"author":[{"embeddable":true,"href":"https:\/\/suguartistico.com\/en\/wp-json\/wp\/v2\/users\/1"}],"replies":[{"embeddable":true,"href":"https:\/\/suguartistico.com\/en\/wp-json\/wp\/v2\/comments?post=1147"}],"version-history":[{"count":11,"href":"https:\/\/suguartistico.com\/en\/wp-json\/wp\/v2\/pages\/1147\/revisions"}],"predecessor-version":[{"id":1432,"href":"https:\/\/suguartistico.com\/en\/wp-json\/wp\/v2\/pages\/1147\/revisions\/1432"}],"wp:attachment":[{"href":"https:\/\/suguartistico.com\/en\/wp-json\/wp\/v2\/media?parent=1147"}],"curies":[{"name":"wp","href":"https:\/\/api.w.org\/{rel}","templated":true}]}}