{"id":1029,"date":"2021-07-30T13:35:08","date_gmt":"2021-07-30T18:35:08","guid":{"rendered":"https:\/\/suguartistico.com\/?page_id=1029"},"modified":"2022-03-04T17:31:12","modified_gmt":"2022-03-04T22:31:12","slug":"musica","status":"publish","type":"page","link":"https:\/\/suguartistico.com\/en\/musica\/","title":{"rendered":"Music"},"content":{"rendered":"<p>[et_pb_section fb_built=&#8221;1&#8243; _builder_version=&#8221;4.9.10&#8243; _module_preset=&#8221;default&#8221; background_enable_image=&#8221;off&#8221; parallax=&#8221;on&#8221; parallax_method=&#8221;off&#8221; custom_margin=&#8221;||-3px|||&#8221; custom_padding=&#8221;71px||0px|||&#8221; global_colors_info=&#8221;{}&#8221;][et_pb_row _builder_version=&#8221;4.9.10&#8243; _module_preset=&#8221;default&#8221; custom_margin=&#8221;-1px|auto||auto||&#8221; custom_padding=&#8221;8px|||||&#8221; global_colors_info=&#8221;{}&#8221;][et_pb_column type=&#8221;4_4&#8243; _builder_version=&#8221;4.9.10&#8243; _module_preset=&#8221;default&#8221; global_colors_info=&#8221;{}&#8221;][et_pb_text _builder_version=&#8221;4.9.10&#8243; _module_preset=&#8221;default&#8221; text_font=&#8221;ABeeZee||||||||&#8221; header_font=&#8221;|700|||||||&#8221; header_text_color=&#8221;#A50025&#8243; header_3_text_color=&#8221;#1D70B7&#8243; min_height=&#8221;63.6px&#8221; custom_padding=&#8221;0px|||||&#8221; header_text_shadow_style=&#8221;preset4&#8243; header_text_shadow_blur_strength=&#8221;0.19em&#8221; header_text_shadow_color=&#8221;#FFFFFF&#8221; global_colors_info=&#8221;{}&#8221;]<\/p>\n<h1 style=\"text-align: center;\">INSPIRAR &#8211; El amor por la m\u00fasica<\/h1>\n<h3 style=\"text-align: center;\"><span style=\"font-size: x-large;\">El aprendizaje de la m\u00fasica normalmente es un proceso que lleva tiempo y requiere disciplina, por eso en Sugu los ni\u00f1os descubren la m\u00fasica a trav\u00e9s de la experimentaci\u00f3n de juegos musicales que despiertan el gusto por este poderoso arte<\/span><\/h3>\n<p>[\/et_pb_text][\/et_pb_column][\/et_pb_row][\/et_pb_section][et_pb_section fb_built=&#8221;1&#8243; _builder_version=&#8221;4.9.10&#8243; _module_preset=&#8221;default&#8221; background_image=&#8221;https:\/\/suguartistico.com\/wp-content\/uploads\/2021\/03\/fnd-blue.png&#8221; custom_padding=&#8221;0px||34px|||&#8221; global_colors_info=&#8221;{}&#8221;][et_pb_row _builder_version=&#8221;4.9.10&#8243; _module_preset=&#8221;default&#8221; global_colors_info=&#8221;{}&#8221;][et_pb_column type=&#8221;4_4&#8243; _builder_version=&#8221;4.9.10&#8243; _module_preset=&#8221;default&#8221; global_colors_info=&#8221;{}&#8221;][et_pb_gallery gallery_ids=&#8221;992,990,989,987,404,411,1333&#8243; posts_number=&#8221;10&#8243; show_title_and_caption=&#8221;off&#8221; _builder_version=&#8221;4.10.5&#8243; _module_preset=&#8221;default&#8221; custom_padding=&#8221;||0px|||&#8221; global_colors_info=&#8221;{}&#8221;][\/et_pb_gallery][\/et_pb_column][\/et_pb_row][et_pb_row _builder_version=&#8221;4.9.10&#8243; _module_preset=&#8221;default&#8221; global_colors_info=&#8221;{}&#8221;][et_pb_column type=&#8221;4_4&#8243; _builder_version=&#8221;4.9.10&#8243; _module_preset=&#8221;default&#8221; global_colors_info=&#8221;{}&#8221;][et_pb_video src=&#8221;https:\/\/suguartistico.com\/wp-content\/uploads\/2021\/07\/Sugu-Learning-music-MAIN-2021.mp4&#8243; image_src=&#8221;https:\/\/suguartistico.com\/wp-content\/uploads\/2021\/07\/Overlay-Sugu-Learning-music-2021.png&#8221; _builder_version=&#8221;4.9.10&#8243; _module_preset=&#8221;default&#8221; global_colors_info=&#8221;{}&#8221;][\/et_pb_video][\/et_pb_column][\/et_pb_row][\/et_pb_section][et_pb_section fb_built=&#8221;1&#8243; _builder_version=&#8221;4.9.0&#8243; _module_preset=&#8221;default&#8221; custom_margin=&#8221;-4px|||||&#8221; custom_padding=&#8221;29px||2px|||&#8221; global_colors_info=&#8221;{}&#8221;][et_pb_row _builder_version=&#8221;4.9.11&#8243; _module_preset=&#8221;default&#8221; custom_padding=&#8221;5px|||||&#8221; global_colors_info=&#8221;{}&#8221;][et_pb_column type=&#8221;4_4&#8243; _builder_version=&#8221;4.9.11&#8243; _module_preset=&#8221;default&#8221; global_colors_info=&#8221;{}&#8221;][et_pb_button button_url=&#8221;https:\/\/suguartistico.com\/galeria\/&#8221; button_text=&#8221;Galery&#8221; button_alignment=&#8221;center&#8221; button_text_tablet=&#8221;&#8221; button_text_phone=&#8221;Galery&#8221; button_text_last_edited=&#8221;on|phone&#8221; _builder_version=&#8221;4.14.8&#8243; _module_preset=&#8221;default&#8221; custom_button=&#8221;on&#8221; button_text_size=&#8221;26px&#8221; button_text_color=&#8221;#FFFFFF&#8221; button_bg_color=&#8221;#2B53A0&#8243; button_border_width=&#8221;0px&#8221; button_border_radius=&#8221;100px&#8221; button_letter_spacing=&#8221;2px&#8221; button_font=&#8221;Bebas Neue||||||||&#8221; hover_enabled=&#8221;0&#8243; locked=&#8221;off&#8221; global_colors_info=&#8221;{}&#8221; sticky_enabled=&#8221;0&#8243;][\/et_pb_button][\/et_pb_column][\/et_pb_row][\/et_pb_section]<\/p>\n","protected":false},"excerpt":{"rendered":"<p>INSPIRAR &#8211; El amor por la m\u00fasica El aprendizaje de la m\u00fasica normalmente es un proceso que lleva tiempo y requiere disciplina, por eso en Sugu los ni\u00f1os descubren la m\u00fasica a trav\u00e9s de la experimentaci\u00f3n de juegos musicales que despiertan el gusto por este poderoso arte<\/p>","protected":false},"author":1,"featured_media":0,"parent":0,"menu_order":0,"comment_status":"closed","ping_status":"closed","template":"","meta":{"_et_pb_use_builder":"on","_et_pb_old_content":"","_et_gb_content_width":"","footnotes":""},"class_list":["post-1029","page","type-page","status-publish","hentry"],"_links":{"self":[{"href":"https:\/\/suguartistico.com\/en\/wp-json\/wp\/v2\/pages\/1029","targetHints":{"allow":["GET"]}}],"collection":[{"href":"https:\/\/suguartistico.com\/en\/wp-json\/wp\/v2\/pages"}],"about":[{"href":"https:\/\/suguartistico.com\/en\/wp-json\/wp\/v2\/types\/page"}],"author":[{"embeddable":true,"href":"https:\/\/suguartistico.com\/en\/wp-json\/wp\/v2\/users\/1"}],"replies":[{"embeddable":true,"href":"https:\/\/suguartistico.com\/en\/wp-json\/wp\/v2\/comments?post=1029"}],"version-history":[{"count":18,"href":"https:\/\/suguartistico.com\/en\/wp-json\/wp\/v2\/pages\/1029\/revisions"}],"predecessor-version":[{"id":1429,"href":"https:\/\/suguartistico.com\/en\/wp-json\/wp\/v2\/pages\/1029\/revisions\/1429"}],"wp:attachment":[{"href":"https:\/\/suguartistico.com\/en\/wp-json\/wp\/v2\/media?parent=1029"}],"curies":[{"name":"wp","href":"https:\/\/api.w.org\/{rel}","templated":true}]}}